{"id":4722,"date":"2025-10-17T05:45:33","date_gmt":"2025-10-17T05:45:33","guid":{"rendered":"https:\/\/8mirror.com\/?page_id=4722"},"modified":"2025-10-17T05:48:33","modified_gmt":"2025-10-17T05:48:33","slug":"conditions-generales-de-vente-cgv","status":"publish","type":"page","link":"https:\/\/8mirror.com\/en\/conditions-generales-de-vente-cgv\/","title":{"rendered":"Conditions G\u00e9n\u00e9rales de Vente (CGV)"},"content":{"rendered":"<div data-elementor-type=\"wp-page\" data-elementor-id=\"4722\" class=\"elementor elementor-4722\" data-elementor-post-type=\"page\">\n\t\t\t\t<div class=\"elementor-element elementor-element-7514599 e-flex e-con-boxed e-con e-parent\" data-id=\"7514599\" data-element_type=\"container\" data-settings=\"{&quot;background_background&quot;:&quot;classic&quot;}\">\n\t\t\t\t\t<div class=\"e-con-inner\">\n\t\t\t\t<div class=\"elementor-element elementor-element-32bd177 elementor-widget elementor-widget-text-editor\" data-id=\"32bd177\" data-element_type=\"widget\" data-widget_type=\"text-editor.default\">\n\t\t\t\t<div class=\"elementor-widget-container\">\n\t\t\t\t\t\t\t\t\t<ol><li><b> Objet<\/b><b><br \/><\/b><span style=\"font-weight: 400;\">Les pr\u00e9sentes conditions r\u00e9gissent les prestations de stylisme, la vente de v\u00eatements et d\u2019accessoires propos\u00e9es par <\/span><b>8Mirror<\/b><span style=\"font-weight: 400;\">.<\/span><span style=\"font-weight: 400;\"><br \/><\/span><span style=\"font-weight: 400;\">Elles s\u2019appliquent \u00e0 toute relation entre 8Mirror et ses clients en Suisse ou \u00e0 l\u2019international.<\/span><\/li><li><b> Commandes et paiements<\/b><b><br \/><\/b><span style=\"font-weight: 400;\">Les commandes se font exclusivement apr\u00e8s prise de contact directe (aucun paiement en ligne sur le site).<\/span><span style=\"font-weight: 400;\"><br \/><\/span><span style=\"font-weight: 400;\">Les paiements sont effectu\u00e9s directement avec le Personal Shopper par <\/span><b>Twint<\/b><span style=\"font-weight: 400;\">, <\/span><b>PayPal<\/b><span style=\"font-weight: 400;\"> ou <\/span><b>virement bancaire<\/b><span style=\"font-weight: 400;\">.<\/span><\/li><li><b> Tarifs<\/b><b><br \/><\/b><span style=\"font-weight: 400;\">Les prix sont communiqu\u00e9s lors des \u00e9changes avec le client.<\/span><span style=\"font-weight: 400;\"><br \/><\/span><span style=\"font-weight: 400;\">Ils sont exprim\u00e9s en francs suisses (CHF) ou en euros (EUR) selon la localisation du client.<\/span><\/li><li><b> Livraison<\/b><b><br \/><\/b><span style=\"font-weight: 400;\">8Mirror livre en Suisse et \u00e0 l\u2019international.<\/span><span style=\"font-weight: 400;\"><br \/><\/span><span style=\"font-weight: 400;\">Les d\u00e9lais et frais de livraison varient selon la destination et le mode d\u2019exp\u00e9dition choisi.<\/span><span style=\"font-weight: 400;\"><br \/><\/span><span style=\"font-weight: 400;\">8Mirror n\u2019est pas responsable des retards ou pertes imputables au transporteur.<\/span><\/li><li><b> Retours et r\u00e9tractation<\/b><b><br \/><\/b><span style=\"font-weight: 400;\">Aucun droit de r\u00e9tractation ou de retour n\u2019est appliqu\u00e9, les prestations et s\u00e9lections vestimentaires \u00e9tant personnalis\u00e9es selon le profil du client.<\/span><\/li><li><b> Responsabilit\u00e9<\/b><b><br \/><\/b><span style=\"font-weight: 400;\">8Mirror ne saurait \u00eatre tenu responsable des \u00e9ventuels dommages r\u00e9sultant d\u2019un mauvais usage des produits livr\u00e9s ou des recommandations stylisme fournies.<\/span><\/li><li><b style=\"font-style: inherit;\">\u00a0Droit applicable et juridiction <br \/><\/b>Les pr\u00e9sentes conditions sont r\u00e9gies par le <b style=\"font-style: inherit;\">droit suisse<\/b><span style=\"font-weight: 400;\">.<br \/><\/span>En cas de litige, les tribunaux comp\u00e9tents sont ceux du canton de Gen\u00e8ve.<\/li><\/ol>\t\t\t\t\t\t\t\t<\/div>\n\t\t\t\t<\/div>\n\t\t\t\t\t<\/div>\n\t\t\t\t<\/div>\n\t\t\t\t<\/div>","protected":false},"excerpt":{"rendered":"<p>ObjetLes pr\u00e9sentes conditions r\u00e9gissent les prestations de stylisme, la vente de v\u00eatements et d\u2019accessoires propos\u00e9es par 8Mirror.Elles s\u2019appliquent \u00e0 toute relation entre 8Mirror et ses clients en Suisse ou \u00e0 l\u2019international. Commandes et paiementsLes commandes se font exclusivement apr\u00e8s prise de contact directe (aucun paiement en ligne sur le site).Les paiements sont effectu\u00e9s directement avec [&hellip;]<\/p>","protected":false},"author":1,"featured_media":0,"parent":0,"menu_order":0,"comment_status":"closed","ping_status":"closed","template":"","meta":{"_uag_custom_page_level_css":"","site-sidebar-layout":"no-sidebar","site-content-layout":"page-builder","ast-site-content-layout":"full-width-container","site-content-style":"default","site-sidebar-style":"default","ast-global-header-display":"","ast-banner-title-visibility":"","ast-main-header-display":"","ast-hfb-above-header-display":"","ast-hfb-below-header-display":"","ast-hfb-mobile-header-display":"","site-post-title":"disabled","ast-breadcrumbs-content":"","ast-featured-img":"disabled","footer-sml-layout":"","theme-transparent-header-meta":"","adv-header-id-meta":"","stick-header-meta":"","header-above-stick-meta":"","header-main-stick-meta":"","header-below-stick-meta":"","astra-migrate-meta-layouts":"set","ast-page-background-enabled":"default","ast-page-background-meta":{"desktop":{"background-color":"","background-image":"","background-repeat":"repeat","background-position":"center center","background-size":"auto","background-attachment":"scroll","background-type":"","background-media":"","overlay-type":"","overlay-color":"","overlay-opacity":"","overlay-gradient":""},"tablet":{"background-color":"","background-image":"","background-repeat":"repeat","background-position":"center center","background-size":"auto","background-attachment":"scroll","background-type":"","background-media":"","overlay-type":"","overlay-color":"","overlay-opacity":"","overlay-gradient":""},"mobile":{"background-color":"","background-image":"","background-repeat":"repeat","background-position":"center center","background-size":"auto","background-attachment":"scroll","background-type":"","background-media":"","overlay-type":"","overlay-color":"","overlay-opacity":"","overlay-gradient":""}},"ast-content-background-meta":{"desktop":{"background-color":"var(--ast-global-color-5)","background-image":"","background-repeat":"repeat","background-position":"center center","background-size":"auto","background-attachment":"scroll","background-type":"","background-media":"","overlay-type":"","overlay-color":"","overlay-opacity":"","overlay-gradient":""},"tablet":{"background-color":"var(--ast-global-color-5)","background-image":"","background-repeat":"repeat","background-position":"center center","background-size":"auto","background-attachment":"scroll","background-type":"","background-media":"","overlay-type":"","overlay-color":"","overlay-opacity":"","overlay-gradient":""},"mobile":{"background-color":"var(--ast-global-color-5)","background-image":"","background-repeat":"repeat","background-position":"center center","background-size":"auto","background-attachment":"scroll","background-type":"","background-media":"","overlay-type":"","overlay-color":"","overlay-opacity":"","overlay-gradient":""}},"footnotes":""},"class_list":["post-4722","page","type-page","status-publish","hentry"],"uagb_featured_image_src":{"full":false,"thumbnail":false,"medium":false,"medium_large":false,"large":false,"tf-client-image-size":false,"1536x1536":false,"2048x2048":false,"trp-custom-language-flag":false},"uagb_author_info":{"display_name":"propulsodigital@gmail.com","author_link":"https:\/\/8mirror.com\/en\/author\/propulsodigitalgmail-com\/"},"uagb_comment_info":0,"uagb_excerpt":"ObjetLes pr\u00e9sentes conditions r\u00e9gissent les prestations de stylisme, la vente de v\u00eatements et d\u2019accessoires propos\u00e9es par 8Mirror.Elles s\u2019appliquent \u00e0 toute relation entre 8Mirror et ses clients en Suisse ou \u00e0 l\u2019international. Commandes et paiementsLes commandes se font exclusivement apr\u00e8s prise de contact directe (aucun paiement en ligne sur le site).Les paiements sont effectu\u00e9s directement avec&hellip;","_links":{"self":[{"href":"https:\/\/8mirror.com\/en\/wp-json\/wp\/v2\/pages\/4722","targetHints":{"allow":["GET"]}}],"collection":[{"href":"https:\/\/8mirror.com\/en\/wp-json\/wp\/v2\/pages"}],"about":[{"href":"https:\/\/8mirror.com\/en\/wp-json\/wp\/v2\/types\/page"}],"author":[{"embeddable":true,"href":"https:\/\/8mirror.com\/en\/wp-json\/wp\/v2\/users\/1"}],"replies":[{"embeddable":true,"href":"https:\/\/8mirror.com\/en\/wp-json\/wp\/v2\/comments?post=4722"}],"version-history":[{"count":4,"href":"https:\/\/8mirror.com\/en\/wp-json\/wp\/v2\/pages\/4722\/revisions"}],"predecessor-version":[{"id":4726,"href":"https:\/\/8mirror.com\/en\/wp-json\/wp\/v2\/pages\/4722\/revisions\/4726"}],"wp:attachment":[{"href":"https:\/\/8mirror.com\/en\/wp-json\/wp\/v2\/media?parent=4722"}],"curies":[{"name":"wp","href":"https:\/\/api.w.org\/{rel}","templated":true}]}}