{"id":4717,"date":"2025-10-17T05:40:05","date_gmt":"2025-10-17T05:40:05","guid":{"rendered":"https:\/\/8mirror.com\/?page_id=4717"},"modified":"2025-10-17T05:44:36","modified_gmt":"2025-10-17T05:44:36","slug":"politique-de-confidentialite","status":"publish","type":"page","link":"https:\/\/8mirror.com\/en\/politique-de-confidentialite\/","title":{"rendered":"Privacy Policy"},"content":{"rendered":"<div data-elementor-type=\"wp-page\" data-elementor-id=\"4717\" class=\"elementor elementor-4717\" data-elementor-post-type=\"page\">\n\t\t\t\t<div class=\"elementor-element elementor-element-010b6a1 e-flex e-con-boxed e-con e-parent\" data-id=\"010b6a1\" data-element_type=\"container\" data-settings=\"{&quot;background_background&quot;:&quot;classic&quot;}\">\n\t\t\t\t\t<div class=\"e-con-inner\">\n\t\t\t\t<div class=\"elementor-element elementor-element-8de96bb elementor-widget elementor-widget-text-editor\" data-id=\"8de96bb\" data-element_type=\"widget\" data-widget_type=\"text-editor.default\">\n\t\t\t\t<div class=\"elementor-widget-container\">\n\t\t\t\t\t\t\t\t\t<ol><li><b> Collecte des donn\u00e9es<\/b><b><br \/><\/b><span style=\"font-weight: 400;\">8Mirror collecte uniquement les donn\u00e9es n\u00e9cessaires \u00e0 la prise de contact et \u00e0 la gestion des \u00e9changes avec les clients (nom, pr\u00e9nom, adresse e-mail, t\u00e9l\u00e9phone, pr\u00e9f\u00e9rences vestimentaires, etc.).<\/span><\/li><li><b> Utilisation des donn\u00e9es<\/b><b><br \/><\/b><span style=\"font-weight: 400;\">Les informations recueillies servent exclusivement \u00e0 :<\/span><\/li><\/ol><ul><li style=\"font-weight: 400;\" aria-level=\"1\"><span style=\"font-weight: 400;\">r\u00e9pondre aux demandes de contact,<\/span><\/li><li style=\"font-weight: 400;\" aria-level=\"1\"><span style=\"font-weight: 400;\">assurer la relation client,<\/span><\/li><li style=\"font-weight: 400;\" aria-level=\"1\"><span style=\"font-weight: 400;\">planifier les prestations de stylisme et de conseil.<\/span><\/li><\/ul><p><span style=\"font-weight: 400;\">Aucune donn\u00e9e n\u2019est transmise \u00e0 des tiers sans consentement.<\/span><\/p><ol start=\"3\"><li><b> Conservation<\/b><b><br \/><\/b><span style=\"font-weight: 400;\"> Les donn\u00e9es sont conserv\u00e9es pendant la dur\u00e9e n\u00e9cessaire \u00e0 la relation commerciale, puis supprim\u00e9es ou anonymis\u00e9es.<\/span><\/li><li><b> S\u00e9curit\u00e9<\/b><b><br \/><\/b><span style=\"font-weight: 400;\"> Les donn\u00e9es sont prot\u00e9g\u00e9es via des moyens techniques et organisationnels raisonnables (acc\u00e8s s\u00e9curis\u00e9, stockage prot\u00e9g\u00e9, etc.).<\/span><\/li><li><b> Droits des utilisateurs (RGPD &amp; droit suisse)<\/b><b><br \/><\/b><span style=\"font-weight: 400;\"> Tu peux \u00e0 tout moment demander :<\/span><\/li><\/ol><ul><li style=\"font-weight: 400;\" aria-level=\"1\"><span style=\"font-weight: 400;\">l\u2019acc\u00e8s \u00e0 tes donn\u00e9es,<\/span><\/li><li style=\"font-weight: 400;\" aria-level=\"1\"><span style=\"font-weight: 400;\">leur rectification ou suppression,<\/span><\/li><li style=\"font-weight: 400;\" aria-level=\"1\"><span style=\"font-weight: 400;\">la limitation ou l\u2019opposition \u00e0 leur traitement.<\/span><\/li><\/ul><p><span style=\"font-weight: 400;\">Pour exercer ces droits, contactez : <\/span><b>contact@8mirror.com<\/b><span style=\"font-weight: 400;\"><br \/><\/span><span style=\"font-weight: 400;\">ou par courrier \u00e0 : <\/span><span style=\"font-weight: 400;\">Vuzi Cerruti \u2013 Chemin du Croissant n\u00b03, 1219 Ch\u00e2telaine, Suisse.<\/span><\/p>\t\t\t\t\t\t\t\t<\/div>\n\t\t\t\t<\/div>\n\t\t\t\t\t<\/div>\n\t\t\t\t<\/div>\n\t\t\t\t<\/div>","protected":false},"excerpt":{"rendered":"<p>Collecte des donn\u00e9es8Mirror collecte uniquement les donn\u00e9es n\u00e9cessaires \u00e0 la prise de contact et \u00e0 la gestion des \u00e9changes avec les clients (nom, pr\u00e9nom, adresse e-mail, t\u00e9l\u00e9phone, pr\u00e9f\u00e9rences vestimentaires, etc.). Utilisation des donn\u00e9esLes informations recueillies servent exclusivement \u00e0 : r\u00e9pondre aux demandes de contact, assurer la relation client, planifier les prestations de stylisme et de [&hellip;]<\/p>","protected":false},"author":1,"featured_media":0,"parent":0,"menu_order":0,"comment_status":"closed","ping_status":"closed","template":"","meta":{"_uag_custom_page_level_css":"","site-sidebar-layout":"no-sidebar","site-content-layout":"page-builder","ast-site-content-layout":"full-width-container","site-content-style":"default","site-sidebar-style":"default","ast-global-header-display":"","ast-banner-title-visibility":"","ast-main-header-display":"","ast-hfb-above-header-display":"","ast-hfb-below-header-display":"","ast-hfb-mobile-header-display":"","site-post-title":"disabled","ast-breadcrumbs-content":"","ast-featured-img":"disabled","footer-sml-layout":"","theme-transparent-header-meta":"","adv-header-id-meta":"","stick-header-meta":"","header-above-stick-meta":"","header-main-stick-meta":"","header-below-stick-meta":"","astra-migrate-meta-layouts":"set","ast-page-background-enabled":"default","ast-page-background-meta":{"desktop":{"background-color":"","background-image":"","background-repeat":"repeat","background-position":"center center","background-size":"auto","background-attachment":"scroll","background-type":"","background-media":"","overlay-type":"","overlay-color":"","overlay-opacity":"","overlay-gradient":""},"tablet":{"background-color":"","background-image":"","background-repeat":"repeat","background-position":"center center","background-size":"auto","background-attachment":"scroll","background-type":"","background-media":"","overlay-type":"","overlay-color":"","overlay-opacity":"","overlay-gradient":""},"mobile":{"background-color":"","background-image":"","background-repeat":"repeat","background-position":"center center","background-size":"auto","background-attachment":"scroll","background-type":"","background-media":"","overlay-type":"","overlay-color":"","overlay-opacity":"","overlay-gradient":""}},"ast-content-background-meta":{"desktop":{"background-color":"var(--ast-global-color-5)","background-image":"","background-repeat":"repeat","background-position":"center center","background-size":"auto","background-attachment":"scroll","background-type":"","background-media":"","overlay-type":"","overlay-color":"","overlay-opacity":"","overlay-gradient":""},"tablet":{"background-color":"var(--ast-global-color-5)","background-image":"","background-repeat":"repeat","background-position":"center center","background-size":"auto","background-attachment":"scroll","background-type":"","background-media":"","overlay-type":"","overlay-color":"","overlay-opacity":"","overlay-gradient":""},"mobile":{"background-color":"var(--ast-global-color-5)","background-image":"","background-repeat":"repeat","background-position":"center center","background-size":"auto","background-attachment":"scroll","background-type":"","background-media":"","overlay-type":"","overlay-color":"","overlay-opacity":"","overlay-gradient":""}},"footnotes":""},"class_list":["post-4717","page","type-page","status-publish","hentry"],"uagb_featured_image_src":{"full":false,"thumbnail":false,"medium":false,"medium_large":false,"large":false,"tf-client-image-size":false,"1536x1536":false,"2048x2048":false,"trp-custom-language-flag":false},"uagb_author_info":{"display_name":"propulsodigital@gmail.com","author_link":"https:\/\/8mirror.com\/en\/author\/propulsodigitalgmail-com\/"},"uagb_comment_info":0,"uagb_excerpt":"Collecte des donn\u00e9es8Mirror collecte uniquement les donn\u00e9es n\u00e9cessaires \u00e0 la prise de contact et \u00e0 la gestion des \u00e9changes avec les clients (nom, pr\u00e9nom, adresse e-mail, t\u00e9l\u00e9phone, pr\u00e9f\u00e9rences vestimentaires, etc.). Utilisation des donn\u00e9esLes informations recueillies servent exclusivement \u00e0 : r\u00e9pondre aux demandes de contact, assurer la relation client, planifier les prestations de stylisme et de&hellip;","_links":{"self":[{"href":"https:\/\/8mirror.com\/en\/wp-json\/wp\/v2\/pages\/4717","targetHints":{"allow":["GET"]}}],"collection":[{"href":"https:\/\/8mirror.com\/en\/wp-json\/wp\/v2\/pages"}],"about":[{"href":"https:\/\/8mirror.com\/en\/wp-json\/wp\/v2\/types\/page"}],"author":[{"embeddable":true,"href":"https:\/\/8mirror.com\/en\/wp-json\/wp\/v2\/users\/1"}],"replies":[{"embeddable":true,"href":"https:\/\/8mirror.com\/en\/wp-json\/wp\/v2\/comments?post=4717"}],"version-history":[{"count":4,"href":"https:\/\/8mirror.com\/en\/wp-json\/wp\/v2\/pages\/4717\/revisions"}],"predecessor-version":[{"id":4721,"href":"https:\/\/8mirror.com\/en\/wp-json\/wp\/v2\/pages\/4717\/revisions\/4721"}],"wp:attachment":[{"href":"https:\/\/8mirror.com\/en\/wp-json\/wp\/v2\/media?parent=4717"}],"curies":[{"name":"wp","href":"https:\/\/api.w.org\/{rel}","templated":true}]}}