{"id":4705,"date":"2025-10-17T05:29:54","date_gmt":"2025-10-17T05:29:54","guid":{"rendered":"https:\/\/8mirror.com\/?page_id=4705"},"modified":"2025-10-17T05:52:01","modified_gmt":"2025-10-17T05:52:01","slug":"mentions-legales","status":"publish","type":"page","link":"https:\/\/8mirror.com\/en\/mentions-legales\/","title":{"rendered":"Legal notices"},"content":{"rendered":"<div data-elementor-type=\"wp-page\" data-elementor-id=\"4705\" class=\"elementor elementor-4705\" data-elementor-post-type=\"page\">\n\t\t\t\t<div class=\"elementor-element elementor-element-10f397d e-flex e-con-boxed e-con e-parent\" data-id=\"10f397d\" data-element_type=\"container\" data-settings=\"{&quot;background_background&quot;:&quot;classic&quot;}\">\n\t\t\t\t\t<div class=\"e-con-inner\">\n\t\t\t\t<div class=\"elementor-element elementor-element-3c81e8f elementor-widget elementor-widget-text-editor\" data-id=\"3c81e8f\" data-element_type=\"widget\" data-widget_type=\"text-editor.default\">\n\t\t\t\t<div class=\"elementor-widget-container\">\n\t\t\t\t\t\t\t\t\t<p><b>Propri\u00e9taire du site :<\/b><b><br \/><\/b><span style=\"font-weight: 400;\">Vuzi Cerruti<\/span><span style=\"font-weight: 400;\"><br \/><\/span><span style=\"font-weight: 400;\">Chemin du Croissant n\u00b03<\/span><span style=\"font-weight: 400;\"><br \/><\/span><span style=\"font-weight: 400;\">1219 Ch\u00e2telaine, Suisse<\/span><span style=\"font-weight: 400;\"><br \/><\/span><span style=\"font-weight: 400;\">T\u00e9l\u00e9phone : <a href=\"tel:+41793574313\">+41 79 357 43 13<\/a><\/span><span style=\"font-weight: 400;\"><br \/><\/span><span style=\"font-weight: 400;\">E-mail : <\/span><a href=\"mailto:contact@8mirror.com\"><b>contact@8mirror.com<\/b><\/a><span style=\"font-weight: 400;\"><br \/><\/span><span style=\"font-weight: 400;\">Site web : <a href=\"https:\/\/8mirror.com\/en\/\">https:\/\/8mirror.com<\/a><\/span><\/p>\t\t\t\t\t\t\t\t<\/div>\n\t\t\t\t<\/div>\n\t\t\t\t\t<\/div>\n\t\t\t\t<\/div>\n\t\t<div class=\"elementor-element elementor-element-4d50e6e e-flex e-con-boxed e-con e-parent\" data-id=\"4d50e6e\" data-element_type=\"container\" data-settings=\"{&quot;background_background&quot;:&quot;classic&quot;}\">\n\t\t\t\t\t<div class=\"e-con-inner\">\n\t\t\t\t<div class=\"elementor-element elementor-element-7b77eb7 elementor-widget elementor-widget-text-editor\" data-id=\"7b77eb7\" data-element_type=\"widget\" data-widget_type=\"text-editor.default\">\n\t\t\t\t<div class=\"elementor-widget-container\">\n\t\t\t\t\t\t\t\t\t<p><b>Activit\u00e9 :<\/b><b><br \/><\/b><span style=\"font-weight: 400;\">Vente de v\u00eatements, accessoires, prestations de stylisme personnalis\u00e9 et cr\u00e9ation de contenu.<\/span><\/p><p><b>Propri\u00e9t\u00e9 intellectuelle :<\/b><b><br \/><\/b><span style=\"font-weight: 400;\">L\u2019ensemble du contenu du site (textes, images, logo, charte graphique, etc.) est la propri\u00e9t\u00e9 exclusive de 8Mirror, sauf mention contraire.<\/span><span style=\"font-weight: 400;\"><br \/><\/span><span style=\"font-weight: 400;\">Toute reproduction, diffusion ou utilisation sans autorisation \u00e9crite pr\u00e9alable est interdite.<\/span><\/p><p><b>Responsabilit\u00e9 :<\/b><b><br \/><\/b><span style=\"font-weight: 400;\">8Mirror s\u2019efforce d\u2019assurer l\u2019exactitude des informations diffus\u00e9es sur son site.<\/span><span style=\"font-weight: 400;\"><br \/><\/span><span style=\"font-weight: 400;\">Cependant, aucune garantie n\u2019est donn\u00e9e quant \u00e0 leur exactitude, leur exhaustivit\u00e9 ou leur mise \u00e0 jour.<\/span><span style=\"font-weight: 400;\"><br \/><\/span><span style=\"font-weight: 400;\">8Mirror ne pourra \u00eatre tenu responsable d\u2019un dommage direct ou indirect r\u00e9sultant de l\u2019utilisation du site.<\/span><\/p>\t\t\t\t\t\t\t\t<\/div>\n\t\t\t\t<\/div>\n\t\t\t\t\t<\/div>\n\t\t\t\t<\/div>\n\t\t\t\t<\/div>","protected":false},"excerpt":{"rendered":"<p>Propri\u00e9taire du site :Vuzi CerrutiChemin du Croissant n\u00b031219 Ch\u00e2telaine, SuisseT\u00e9l\u00e9phone : +41 79 357 43 13E-mail : contact@8mirror.comSite web : https:\/\/8mirror.com Activit\u00e9 :Vente de v\u00eatements, accessoires, prestations de stylisme personnalis\u00e9 et cr\u00e9ation de contenu. Propri\u00e9t\u00e9 intellectuelle :L\u2019ensemble du contenu du site (textes, images, logo, charte graphique, etc.) est la propri\u00e9t\u00e9 exclusive de 8Mirror, sauf mention [&hellip;]<\/p>","protected":false},"author":1,"featured_media":0,"parent":0,"menu_order":0,"comment_status":"closed","ping_status":"closed","template":"","meta":{"_uag_custom_page_level_css":"","site-sidebar-layout":"no-sidebar","site-content-layout":"page-builder","ast-site-content-layout":"full-width-container","site-content-style":"default","site-sidebar-style":"default","ast-global-header-display":"","ast-banner-title-visibility":"","ast-main-header-display":"","ast-hfb-above-header-display":"","ast-hfb-below-header-display":"","ast-hfb-mobile-header-display":"","site-post-title":"disabled","ast-breadcrumbs-content":"","ast-featured-img":"disabled","footer-sml-layout":"","theme-transparent-header-meta":"","adv-header-id-meta":"","stick-header-meta":"","header-above-stick-meta":"","header-main-stick-meta":"","header-below-stick-meta":"","astra-migrate-meta-layouts":"set","ast-page-background-enabled":"default","ast-page-background-meta":{"desktop":{"background-color":"","background-image":"","background-repeat":"repeat","background-position":"center center","background-size":"auto","background-attachment":"scroll","background-type":"","background-media":"","overlay-type":"","overlay-color":"","overlay-opacity":"","overlay-gradient":""},"tablet":{"background-color":"","background-image":"","background-repeat":"repeat","background-position":"center center","background-size":"auto","background-attachment":"scroll","background-type":"","background-media":"","overlay-type":"","overlay-color":"","overlay-opacity":"","overlay-gradient":""},"mobile":{"background-color":"","background-image":"","background-repeat":"repeat","background-position":"center center","background-size":"auto","background-attachment":"scroll","background-type":"","background-media":"","overlay-type":"","overlay-color":"","overlay-opacity":"","overlay-gradient":""}},"ast-content-background-meta":{"desktop":{"background-color":"var(--ast-global-color-5)","background-image":"","background-repeat":"repeat","background-position":"center center","background-size":"auto","background-attachment":"scroll","background-type":"","background-media":"","overlay-type":"","overlay-color":"","overlay-opacity":"","overlay-gradient":""},"tablet":{"background-color":"var(--ast-global-color-5)","background-image":"","background-repeat":"repeat","background-position":"center center","background-size":"auto","background-attachment":"scroll","background-type":"","background-media":"","overlay-type":"","overlay-color":"","overlay-opacity":"","overlay-gradient":""},"mobile":{"background-color":"var(--ast-global-color-5)","background-image":"","background-repeat":"repeat","background-position":"center center","background-size":"auto","background-attachment":"scroll","background-type":"","background-media":"","overlay-type":"","overlay-color":"","overlay-opacity":"","overlay-gradient":""}},"footnotes":""},"class_list":["post-4705","page","type-page","status-publish","hentry"],"uagb_featured_image_src":{"full":false,"thumbnail":false,"medium":false,"medium_large":false,"large":false,"tf-client-image-size":false,"1536x1536":false,"2048x2048":false,"trp-custom-language-flag":false},"uagb_author_info":{"display_name":"propulsodigital@gmail.com","author_link":"https:\/\/8mirror.com\/en\/author\/propulsodigitalgmail-com\/"},"uagb_comment_info":0,"uagb_excerpt":"Propri\u00e9taire du site :Vuzi CerrutiChemin du Croissant n\u00b031219 Ch\u00e2telaine, SuisseT\u00e9l\u00e9phone : +41 79 357 43 13E-mail : contact@8mirror.comSite web : https:\/\/8mirror.com Activit\u00e9 :Vente de v\u00eatements, accessoires, prestations de stylisme personnalis\u00e9 et cr\u00e9ation de contenu. Propri\u00e9t\u00e9 intellectuelle :L\u2019ensemble du contenu du site (textes, images, logo, charte graphique, etc.) est la propri\u00e9t\u00e9 exclusive de 8Mirror, sauf mention&hellip;","_links":{"self":[{"href":"https:\/\/8mirror.com\/en\/wp-json\/wp\/v2\/pages\/4705","targetHints":{"allow":["GET"]}}],"collection":[{"href":"https:\/\/8mirror.com\/en\/wp-json\/wp\/v2\/pages"}],"about":[{"href":"https:\/\/8mirror.com\/en\/wp-json\/wp\/v2\/types\/page"}],"author":[{"embeddable":true,"href":"https:\/\/8mirror.com\/en\/wp-json\/wp\/v2\/users\/1"}],"replies":[{"embeddable":true,"href":"https:\/\/8mirror.com\/en\/wp-json\/wp\/v2\/comments?post=4705"}],"version-history":[{"count":13,"href":"https:\/\/8mirror.com\/en\/wp-json\/wp\/v2\/pages\/4705\/revisions"}],"predecessor-version":[{"id":4732,"href":"https:\/\/8mirror.com\/en\/wp-json\/wp\/v2\/pages\/4705\/revisions\/4732"}],"wp:attachment":[{"href":"https:\/\/8mirror.com\/en\/wp-json\/wp\/v2\/media?parent=4705"}],"curies":[{"name":"wp","href":"https:\/\/api.w.org\/{rel}","templated":true}]}}